{"id":49428,"date":"2025-04-02T12:17:11","date_gmt":"2025-04-02T10:17:11","guid":{"rendered":"https:\/\/czech-us.cz\/?page_id=49428"},"modified":"2025-06-20T14:49:04","modified_gmt":"2025-06-20T12:49:04","slug":"work-in-german-speaking-countries-2","status":"publish","type":"page","link":"https:\/\/czech-us.cz\/en\/working-abroad\/work-in-german-speaking-countries-2\/","title":{"rendered":"Work in German-speaking countries"},"content":{"rendered":"","protected":false},"excerpt":{"rendered":"","protected":false},"author":2,"featured_media":0,"parent":49163,"menu_order":0,"comment_status":"closed","ping_status":"closed","template":"page-template\/page-product.php","meta":{"_acf_changed":false,"inline_featured_image":false,"footnotes":""},"class_list":["post-49428","page","type-page","status-publish","hentry"],"acf":[],"yoast_head":"<!-- This site is optimized with the Yoast SEO plugin v27.1.1 - https:\/\/yoast.com\/product\/yoast-seo-wordpress\/ -->\n<title>Work in Germany, Italy or Austria - hotels &amp; campsites - Czech-us<\/title>\n<meta name=\"description\" content=\"Beautiful German, Austrian or northern Italian nature and positions mainly in hospitality and services. With accommodation and support from Czech-us.\" \/>\n<meta name=\"robots\" content=\"index, follow, max-snippet:-1, max-image-preview:large, max-video-preview:-1\" \/>\n<link rel=\"canonical\" href=\"https:\/\/czech-us.cz\/en\/working-abroad\/work-in-german-speaking-countries-2\/\" \/>\n<meta property=\"og:locale\" content=\"en_US\" \/>\n<meta property=\"og:type\" content=\"article\" \/>\n<meta property=\"og:title\" content=\"Work in Germany, Italy or Austria - hotels &amp; campsites - Czech-us\" \/>\n<meta property=\"og:description\" content=\"Beautiful German, Austrian or northern Italian nature and positions mainly in hospitality and services. With accommodation and support from Czech-us.\" \/>\n<meta property=\"og:url\" content=\"https:\/\/czech-us.cz\/en\/working-abroad\/work-in-german-speaking-countries-2\/\" \/>\n<meta property=\"og:site_name\" content=\"Czech-us\" \/>\n<meta property=\"article:publisher\" content=\"https:\/\/www.facebook.com\/czechusagency\/\" \/>\n<meta property=\"article:modified_time\" content=\"2025-06-20T12:49:04+00:00\" \/>\n<meta property=\"og:image\" content=\"https:\/\/czech-us.cz\/wp-content\/uploads\/2025\/03\/czechus_nemecko_rakousko_prace_nahledovka-300x300.jpg\" \/>\n<script type=\"application\/ld+json\" class=\"yoast-schema-graph\">{\"@context\":\"https:\/\/schema.org\",\"@graph\":[{\"@type\":\"WebPage\",\"@id\":\"https:\/\/czech-us.cz\/en\/working-abroad\/work-in-german-speaking-countries-2\/\",\"url\":\"https:\/\/czech-us.cz\/en\/working-abroad\/work-in-german-speaking-countries-2\/\",\"name\":\"Work in Germany, Italy or Austria - hotels & campsites - Czech-us\",\"isPartOf\":{\"@id\":\"https:\/\/czech-us.cz\/en\/#website\"},\"datePublished\":\"2025-04-02T10:17:11+00:00\",\"dateModified\":\"2025-06-20T12:49:04+00:00\",\"description\":\"Beautiful German, Austrian or northern Italian nature and positions mainly in hospitality and services. With accommodation and support from Czech-us.\",\"breadcrumb\":{\"@id\":\"https:\/\/czech-us.cz\/en\/working-abroad\/work-in-german-speaking-countries-2\/#breadcrumb\"},\"inLanguage\":\"en-US\",\"potentialAction\":[{\"@type\":\"ReadAction\",\"target\":[\"https:\/\/czech-us.cz\/en\/working-abroad\/work-in-german-speaking-countries-2\/\"]}]},{\"@type\":\"BreadcrumbList\",\"@id\":\"https:\/\/czech-us.cz\/en\/working-abroad\/work-in-german-speaking-countries-2\/#breadcrumb\",\"itemListElement\":[{\"@type\":\"ListItem\",\"position\":1,\"name\":\"Home\",\"item\":\"https:\/\/czech-us.cz\/en\/\"},{\"@type\":\"ListItem\",\"position\":2,\"name\":\"Working abroad\",\"item\":\"https:\/\/czech-us.cz\/en\/working-abroad\/\"},{\"@type\":\"ListItem\",\"position\":3,\"name\":\"Work in German-speaking countries\"}]},{\"@type\":\"WebSite\",\"@id\":\"https:\/\/czech-us.cz\/en\/#website\",\"url\":\"https:\/\/czech-us.cz\/en\/\",\"name\":\"Czech-us\",\"description\":\"Czech-us - studium, pr\u00e1ce a jazykov\u00e9 kurzy v zahrani\u010d\u00ed\",\"publisher\":{\"@id\":\"https:\/\/czech-us.cz\/en\/#organization\"},\"potentialAction\":[{\"@type\":\"SearchAction\",\"target\":{\"@type\":\"EntryPoint\",\"urlTemplate\":\"https:\/\/czech-us.cz\/en\/?s={search_term_string}\"},\"query-input\":{\"@type\":\"PropertyValueSpecification\",\"valueRequired\":true,\"valueName\":\"search_term_string\"}}],\"inLanguage\":\"en-US\"},{\"@type\":\"Organization\",\"@id\":\"https:\/\/czech-us.cz\/en\/#organization\",\"name\":\"Agentura Czech-us.cz\",\"url\":\"https:\/\/czech-us.cz\/en\/\",\"logo\":{\"@type\":\"ImageObject\",\"inLanguage\":\"en-US\",\"@id\":\"https:\/\/czech-us.cz\/en\/#\/schema\/logo\/image\/\",\"url\":\"https:\/\/czech-us.cz\/wp-content\/uploads\/2018\/11\/czechus_logo.png\",\"contentUrl\":\"https:\/\/czech-us.cz\/wp-content\/uploads\/2018\/11\/czechus_logo.png\",\"width\":769,\"height\":353,\"caption\":\"Agentura Czech-us.cz\"},\"image\":{\"@id\":\"https:\/\/czech-us.cz\/en\/#\/schema\/logo\/image\/\"},\"sameAs\":[\"https:\/\/www.facebook.com\/czechusagency\/\",\"https:\/\/x.com\/czech_us\",\"https:\/\/www.instagram.com\/czech_us\/\",\"https:\/\/www.linkedin.com\/company\/czech-us-studium-v-zahrani\u010d\u00ed\/\",\"https:\/\/www.youtube.com\/user\/czechusagency\"]}]}<\/script>\n<!-- \/ Yoast SEO plugin. -->","yoast_head_json":{"title":"Work in Germany, Italy or Austria - hotels & campsites - Czech-us","description":"Beautiful German, Austrian or northern Italian nature and positions mainly in hospitality and services. With accommodation and support from Czech-us.","robots":{"index":"index","follow":"follow","max-snippet":"max-snippet:-1","max-image-preview":"max-image-preview:large","max-video-preview":"max-video-preview:-1"},"canonical":"https:\/\/czech-us.cz\/en\/working-abroad\/work-in-german-speaking-countries-2\/","og_locale":"en_US","og_type":"article","og_title":"Work in Germany, Italy or Austria - hotels & campsites - Czech-us","og_description":"Beautiful German, Austrian or northern Italian nature and positions mainly in hospitality and services. With accommodation and support from Czech-us.","og_url":"https:\/\/czech-us.cz\/en\/working-abroad\/work-in-german-speaking-countries-2\/","og_site_name":"Czech-us","article_publisher":"https:\/\/www.facebook.com\/czechusagency\/","article_modified_time":"2025-06-20T12:49:04+00:00","og_image":[{"url":"https:\/\/czech-us.cz\/wp-content\/uploads\/2025\/03\/czechus_nemecko_rakousko_prace_nahledovka-300x300.jpg","type":"","width":"","height":""}],"schema":{"@context":"https:\/\/schema.org","@graph":[{"@type":"WebPage","@id":"https:\/\/czech-us.cz\/en\/working-abroad\/work-in-german-speaking-countries-2\/","url":"https:\/\/czech-us.cz\/en\/working-abroad\/work-in-german-speaking-countries-2\/","name":"Work in Germany, Italy or Austria - hotels & campsites - Czech-us","isPartOf":{"@id":"https:\/\/czech-us.cz\/en\/#website"},"datePublished":"2025-04-02T10:17:11+00:00","dateModified":"2025-06-20T12:49:04+00:00","description":"Beautiful German, Austrian or northern Italian nature and positions mainly in hospitality and services. With accommodation and support from Czech-us.","breadcrumb":{"@id":"https:\/\/czech-us.cz\/en\/working-abroad\/work-in-german-speaking-countries-2\/#breadcrumb"},"inLanguage":"en-US","potentialAction":[{"@type":"ReadAction","target":["https:\/\/czech-us.cz\/en\/working-abroad\/work-in-german-speaking-countries-2\/"]}]},{"@type":"BreadcrumbList","@id":"https:\/\/czech-us.cz\/en\/working-abroad\/work-in-german-speaking-countries-2\/#breadcrumb","itemListElement":[{"@type":"ListItem","position":1,"name":"Home","item":"https:\/\/czech-us.cz\/en\/"},{"@type":"ListItem","position":2,"name":"Working abroad","item":"https:\/\/czech-us.cz\/en\/working-abroad\/"},{"@type":"ListItem","position":3,"name":"Work in German-speaking countries"}]},{"@type":"WebSite","@id":"https:\/\/czech-us.cz\/en\/#website","url":"https:\/\/czech-us.cz\/en\/","name":"Czech-us","description":"Czech-us - studium, pr\u00e1ce a jazykov\u00e9 kurzy v zahrani\u010d\u00ed","publisher":{"@id":"https:\/\/czech-us.cz\/en\/#organization"},"potentialAction":[{"@type":"SearchAction","target":{"@type":"EntryPoint","urlTemplate":"https:\/\/czech-us.cz\/en\/?s={search_term_string}"},"query-input":{"@type":"PropertyValueSpecification","valueRequired":true,"valueName":"search_term_string"}}],"inLanguage":"en-US"},{"@type":"Organization","@id":"https:\/\/czech-us.cz\/en\/#organization","name":"Agentura Czech-us.cz","url":"https:\/\/czech-us.cz\/en\/","logo":{"@type":"ImageObject","inLanguage":"en-US","@id":"https:\/\/czech-us.cz\/en\/#\/schema\/logo\/image\/","url":"https:\/\/czech-us.cz\/wp-content\/uploads\/2018\/11\/czechus_logo.png","contentUrl":"https:\/\/czech-us.cz\/wp-content\/uploads\/2018\/11\/czechus_logo.png","width":769,"height":353,"caption":"Agentura Czech-us.cz"},"image":{"@id":"https:\/\/czech-us.cz\/en\/#\/schema\/logo\/image\/"},"sameAs":["https:\/\/www.facebook.com\/czechusagency\/","https:\/\/x.com\/czech_us","https:\/\/www.instagram.com\/czech_us\/","https:\/\/www.linkedin.com\/company\/czech-us-studium-v-zahrani\u010d\u00ed\/","https:\/\/www.youtube.com\/user\/czechusagency"]}]}},"_links":{"self":[{"href":"https:\/\/czech-us.cz\/en\/wp-json\/wp\/v2\/pages\/49428","targetHints":{"allow":["GET"]}}],"collection":[{"href":"https:\/\/czech-us.cz\/en\/wp-json\/wp\/v2\/pages"}],"about":[{"href":"https:\/\/czech-us.cz\/en\/wp-json\/wp\/v2\/types\/page"}],"author":[{"embeddable":true,"href":"https:\/\/czech-us.cz\/en\/wp-json\/wp\/v2\/users\/2"}],"replies":[{"embeddable":true,"href":"https:\/\/czech-us.cz\/en\/wp-json\/wp\/v2\/comments?post=49428"}],"version-history":[{"count":7,"href":"https:\/\/czech-us.cz\/en\/wp-json\/wp\/v2\/pages\/49428\/revisions"}],"predecessor-version":[{"id":53295,"href":"https:\/\/czech-us.cz\/en\/wp-json\/wp\/v2\/pages\/49428\/revisions\/53295"}],"up":[{"embeddable":true,"href":"https:\/\/czech-us.cz\/en\/wp-json\/wp\/v2\/pages\/49163"}],"wp:attachment":[{"href":"https:\/\/czech-us.cz\/en\/wp-json\/wp\/v2\/media?parent=49428"}],"curies":[{"name":"wp","href":"https:\/\/api.w.org\/{rel}","templated":true}]}}