{"id":33917,"date":"2019-07-28T18:13:14","date_gmt":"2019-07-28T16:13:14","guid":{"rendered":"https:\/\/czech-us.cz\/?page_id=33917"},"modified":"2025-06-05T09:20:54","modified_gmt":"2025-06-05T07:20:54","slug":"job-fair-canada-in-prague","status":"publish","type":"page","link":"https:\/\/czech-us.cz\/en\/working-abroad\/work-in-canada\/job-fair-canada-in-prague\/","title":{"rendered":"Job Fair Canada in Prague"},"content":{"rendered":"","protected":false},"excerpt":{"rendered":"","protected":false},"author":8,"featured_media":0,"parent":33743,"menu_order":0,"comment_status":"closed","ping_status":"closed","template":"page-template\/page-product.php","meta":{"_acf_changed":false,"inline_featured_image":false,"footnotes":""},"class_list":["post-33917","page","type-page","status-publish","hentry"],"acf":[],"yoast_head":"<!-- This site is optimized with the Yoast SEO plugin v27.1.1 - https:\/\/yoast.com\/product\/yoast-seo-wordpress\/ -->\n<title>Job Fair Canada - secure a job before departure - Czech-us<\/title>\n<meta name=\"description\" content=\"Planning to travel to Canada for work? Join online interviews with Canadian employers and secure a job before you leave.\" \/>\n<meta name=\"robots\" content=\"index, follow, max-snippet:-1, max-image-preview:large, max-video-preview:-1\" \/>\n<link rel=\"canonical\" href=\"https:\/\/czech-us.cz\/en\/working-abroad\/work-in-canada\/job-fair-canada-in-prague\/\" \/>\n<meta property=\"og:locale\" content=\"en_US\" \/>\n<meta property=\"og:type\" content=\"article\" \/>\n<meta property=\"og:title\" content=\"Job Fair Canada - secure a job before departure - Czech-us\" \/>\n<meta property=\"og:description\" content=\"Planning to travel to Canada for work? Join online interviews with Canadian employers and secure a job before you leave.\" \/>\n<meta property=\"og:url\" content=\"https:\/\/czech-us.cz\/en\/working-abroad\/work-in-canada\/job-fair-canada-in-prague\/\" \/>\n<meta property=\"og:site_name\" content=\"Czech-us\" \/>\n<meta property=\"article:publisher\" content=\"https:\/\/www.facebook.com\/czechusagency\/\" \/>\n<meta property=\"article:modified_time\" content=\"2025-06-05T07:20:54+00:00\" \/>\n<meta property=\"og:image\" content=\"https:\/\/czech-us.cz\/wp-content\/uploads\/2025\/05\/czechus_logo.jpg\" \/>\n\t<meta property=\"og:image:width\" content=\"1200\" \/>\n\t<meta property=\"og:image:height\" content=\"628\" \/>\n\t<meta property=\"og:image:type\" content=\"image\/jpeg\" \/>\n<script type=\"application\/ld+json\" class=\"yoast-schema-graph\">{\"@context\":\"https:\/\/schema.org\",\"@graph\":[{\"@type\":\"WebPage\",\"@id\":\"https:\/\/czech-us.cz\/en\/working-abroad\/work-in-canada\/job-fair-canada-in-prague\/\",\"url\":\"https:\/\/czech-us.cz\/en\/working-abroad\/work-in-canada\/job-fair-canada-in-prague\/\",\"name\":\"Job Fair Canada - secure a job before departure - Czech-us\",\"isPartOf\":{\"@id\":\"https:\/\/czech-us.cz\/en\/#website\"},\"datePublished\":\"2019-07-28T16:13:14+00:00\",\"dateModified\":\"2025-06-05T07:20:54+00:00\",\"description\":\"Planning to travel to Canada for work? Join online interviews with Canadian employers and secure a job before you leave.\",\"breadcrumb\":{\"@id\":\"https:\/\/czech-us.cz\/en\/working-abroad\/work-in-canada\/job-fair-canada-in-prague\/#breadcrumb\"},\"inLanguage\":\"en-US\",\"potentialAction\":[{\"@type\":\"ReadAction\",\"target\":[\"https:\/\/czech-us.cz\/en\/working-abroad\/work-in-canada\/job-fair-canada-in-prague\/\"]}]},{\"@type\":\"BreadcrumbList\",\"@id\":\"https:\/\/czech-us.cz\/en\/working-abroad\/work-in-canada\/job-fair-canada-in-prague\/#breadcrumb\",\"itemListElement\":[{\"@type\":\"ListItem\",\"position\":1,\"name\":\"Home\",\"item\":\"https:\/\/czech-us.cz\/en\/\"},{\"@type\":\"ListItem\",\"position\":2,\"name\":\"Working abroad\",\"item\":\"https:\/\/czech-us.cz\/en\/working-abroad\/\"},{\"@type\":\"ListItem\",\"position\":3,\"name\":\"Work in Canada\",\"item\":\"https:\/\/czech-us.cz\/en\/working-abroad\/work-in-canada\/\"},{\"@type\":\"ListItem\",\"position\":4,\"name\":\"Job Fair Canada in Prague\"}]},{\"@type\":\"WebSite\",\"@id\":\"https:\/\/czech-us.cz\/en\/#website\",\"url\":\"https:\/\/czech-us.cz\/en\/\",\"name\":\"Czech-us\",\"description\":\"Czech-us - studium, pr\u00e1ce a jazykov\u00e9 kurzy v zahrani\u010d\u00ed\",\"publisher\":{\"@id\":\"https:\/\/czech-us.cz\/en\/#organization\"},\"potentialAction\":[{\"@type\":\"SearchAction\",\"target\":{\"@type\":\"EntryPoint\",\"urlTemplate\":\"https:\/\/czech-us.cz\/en\/?s={search_term_string}\"},\"query-input\":{\"@type\":\"PropertyValueSpecification\",\"valueRequired\":true,\"valueName\":\"search_term_string\"}}],\"inLanguage\":\"en-US\"},{\"@type\":\"Organization\",\"@id\":\"https:\/\/czech-us.cz\/en\/#organization\",\"name\":\"Agentura Czech-us.cz\",\"url\":\"https:\/\/czech-us.cz\/en\/\",\"logo\":{\"@type\":\"ImageObject\",\"inLanguage\":\"en-US\",\"@id\":\"https:\/\/czech-us.cz\/en\/#\/schema\/logo\/image\/\",\"url\":\"https:\/\/czech-us.cz\/wp-content\/uploads\/2018\/11\/czechus_logo.png\",\"contentUrl\":\"https:\/\/czech-us.cz\/wp-content\/uploads\/2018\/11\/czechus_logo.png\",\"width\":769,\"height\":353,\"caption\":\"Agentura Czech-us.cz\"},\"image\":{\"@id\":\"https:\/\/czech-us.cz\/en\/#\/schema\/logo\/image\/\"},\"sameAs\":[\"https:\/\/www.facebook.com\/czechusagency\/\",\"https:\/\/x.com\/czech_us\",\"https:\/\/www.instagram.com\/czech_us\/\",\"https:\/\/www.linkedin.com\/company\/czech-us-studium-v-zahrani\u010d\u00ed\/\",\"https:\/\/www.youtube.com\/user\/czechusagency\"]}]}<\/script>\n<!-- \/ Yoast SEO plugin. -->","yoast_head_json":{"title":"Job Fair Canada - secure a job before departure - Czech-us","description":"Planning to travel to Canada for work? Join online interviews with Canadian employers and secure a job before you leave.","robots":{"index":"index","follow":"follow","max-snippet":"max-snippet:-1","max-image-preview":"max-image-preview:large","max-video-preview":"max-video-preview:-1"},"canonical":"https:\/\/czech-us.cz\/en\/working-abroad\/work-in-canada\/job-fair-canada-in-prague\/","og_locale":"en_US","og_type":"article","og_title":"Job Fair Canada - secure a job before departure - Czech-us","og_description":"Planning to travel to Canada for work? Join online interviews with Canadian employers and secure a job before you leave.","og_url":"https:\/\/czech-us.cz\/en\/working-abroad\/work-in-canada\/job-fair-canada-in-prague\/","og_site_name":"Czech-us","article_publisher":"https:\/\/www.facebook.com\/czechusagency\/","article_modified_time":"2025-06-05T07:20:54+00:00","og_image":[{"width":1200,"height":628,"url":"https:\/\/czech-us.cz\/wp-content\/uploads\/2025\/05\/czechus_logo.jpg","type":"image\/jpeg"}],"schema":{"@context":"https:\/\/schema.org","@graph":[{"@type":"WebPage","@id":"https:\/\/czech-us.cz\/en\/working-abroad\/work-in-canada\/job-fair-canada-in-prague\/","url":"https:\/\/czech-us.cz\/en\/working-abroad\/work-in-canada\/job-fair-canada-in-prague\/","name":"Job Fair Canada - secure a job before departure - Czech-us","isPartOf":{"@id":"https:\/\/czech-us.cz\/en\/#website"},"datePublished":"2019-07-28T16:13:14+00:00","dateModified":"2025-06-05T07:20:54+00:00","description":"Planning to travel to Canada for work? Join online interviews with Canadian employers and secure a job before you leave.","breadcrumb":{"@id":"https:\/\/czech-us.cz\/en\/working-abroad\/work-in-canada\/job-fair-canada-in-prague\/#breadcrumb"},"inLanguage":"en-US","potentialAction":[{"@type":"ReadAction","target":["https:\/\/czech-us.cz\/en\/working-abroad\/work-in-canada\/job-fair-canada-in-prague\/"]}]},{"@type":"BreadcrumbList","@id":"https:\/\/czech-us.cz\/en\/working-abroad\/work-in-canada\/job-fair-canada-in-prague\/#breadcrumb","itemListElement":[{"@type":"ListItem","position":1,"name":"Home","item":"https:\/\/czech-us.cz\/en\/"},{"@type":"ListItem","position":2,"name":"Working abroad","item":"https:\/\/czech-us.cz\/en\/working-abroad\/"},{"@type":"ListItem","position":3,"name":"Work in Canada","item":"https:\/\/czech-us.cz\/en\/working-abroad\/work-in-canada\/"},{"@type":"ListItem","position":4,"name":"Job Fair Canada in Prague"}]},{"@type":"WebSite","@id":"https:\/\/czech-us.cz\/en\/#website","url":"https:\/\/czech-us.cz\/en\/","name":"Czech-us","description":"Czech-us - studium, pr\u00e1ce a jazykov\u00e9 kurzy v zahrani\u010d\u00ed","publisher":{"@id":"https:\/\/czech-us.cz\/en\/#organization"},"potentialAction":[{"@type":"SearchAction","target":{"@type":"EntryPoint","urlTemplate":"https:\/\/czech-us.cz\/en\/?s={search_term_string}"},"query-input":{"@type":"PropertyValueSpecification","valueRequired":true,"valueName":"search_term_string"}}],"inLanguage":"en-US"},{"@type":"Organization","@id":"https:\/\/czech-us.cz\/en\/#organization","name":"Agentura Czech-us.cz","url":"https:\/\/czech-us.cz\/en\/","logo":{"@type":"ImageObject","inLanguage":"en-US","@id":"https:\/\/czech-us.cz\/en\/#\/schema\/logo\/image\/","url":"https:\/\/czech-us.cz\/wp-content\/uploads\/2018\/11\/czechus_logo.png","contentUrl":"https:\/\/czech-us.cz\/wp-content\/uploads\/2018\/11\/czechus_logo.png","width":769,"height":353,"caption":"Agentura Czech-us.cz"},"image":{"@id":"https:\/\/czech-us.cz\/en\/#\/schema\/logo\/image\/"},"sameAs":["https:\/\/www.facebook.com\/czechusagency\/","https:\/\/x.com\/czech_us","https:\/\/www.instagram.com\/czech_us\/","https:\/\/www.linkedin.com\/company\/czech-us-studium-v-zahrani\u010d\u00ed\/","https:\/\/www.youtube.com\/user\/czechusagency"]}]}},"_links":{"self":[{"href":"https:\/\/czech-us.cz\/en\/wp-json\/wp\/v2\/pages\/33917","targetHints":{"allow":["GET"]}}],"collection":[{"href":"https:\/\/czech-us.cz\/en\/wp-json\/wp\/v2\/pages"}],"about":[{"href":"https:\/\/czech-us.cz\/en\/wp-json\/wp\/v2\/types\/page"}],"author":[{"embeddable":true,"href":"https:\/\/czech-us.cz\/en\/wp-json\/wp\/v2\/users\/8"}],"replies":[{"embeddable":true,"href":"https:\/\/czech-us.cz\/en\/wp-json\/wp\/v2\/comments?post=33917"}],"version-history":[{"count":1,"href":"https:\/\/czech-us.cz\/en\/wp-json\/wp\/v2\/pages\/33917\/revisions"}],"predecessor-version":[{"id":52974,"href":"https:\/\/czech-us.cz\/en\/wp-json\/wp\/v2\/pages\/33917\/revisions\/52974"}],"up":[{"embeddable":true,"href":"https:\/\/czech-us.cz\/en\/wp-json\/wp\/v2\/pages\/33743"}],"wp:attachment":[{"href":"https:\/\/czech-us.cz\/en\/wp-json\/wp\/v2\/media?parent=33917"}],"curies":[{"name":"wp","href":"https:\/\/api.w.org\/{rel}","templated":true}]}}