{"id":33843,"date":"2019-07-27T15:54:27","date_gmt":"2019-07-27T13:54:27","guid":{"rendered":"https:\/\/czech-us.cz\/?page_id=33843"},"modified":"2025-06-17T17:00:02","modified_gmt":"2025-06-17T15:00:02","slug":"university-study-abroad","status":"publish","type":"page","link":"https:\/\/czech-us.cz\/en\/university-study-abroad\/","title":{"rendered":"University Study Abroad"},"content":{"rendered":"","protected":false},"excerpt":{"rendered":"","protected":false},"author":8,"featured_media":0,"parent":0,"menu_order":12,"comment_status":"open","ping_status":"closed","template":"page-template\/page-product.php","meta":{"_acf_changed":false,"inline_featured_image":false,"footnotes":""},"class_list":["post-33843","page","type-page","status-publish","hentry"],"acf":[],"yoast_head":"<!-- This site is optimized with the Yoast SEO plugin v27.5 - https:\/\/yoast.com\/product\/yoast-seo-wordpress\/ -->\n<title>University study abroad - broaden your horizons - Czech-us<\/title>\n<meta name=\"description\" content=\"Studying a bachelor&#039;s or master&#039;s degree in the Netherlands, Ireland, Denmark or the UK can change your life. We will help you land your dream university.\" \/>\n<meta name=\"robots\" content=\"index, follow, max-snippet:-1, max-image-preview:large, max-video-preview:-1\" \/>\n<link rel=\"canonical\" href=\"https:\/\/czech-us.cz\/en\/university-study-abroad\/\" \/>\n<meta property=\"og:locale\" content=\"en_US\" \/>\n<meta property=\"og:type\" content=\"article\" \/>\n<meta property=\"og:title\" content=\"University study abroad - broaden your horizons - Czech-us\" \/>\n<meta property=\"og:description\" content=\"Studying a bachelor&#039;s or master&#039;s degree in the Netherlands, Ireland, Denmark or the UK can change your life. We will help you land your dream university.\" \/>\n<meta property=\"og:url\" content=\"https:\/\/czech-us.cz\/en\/university-study-abroad\/\" \/>\n<meta property=\"og:site_name\" content=\"Czech-us\" \/>\n<meta property=\"article:publisher\" content=\"https:\/\/www.facebook.com\/czechusagency\/\" \/>\n<meta property=\"article:modified_time\" content=\"2025-06-17T15:00:02+00:00\" \/>\n<meta property=\"og:image\" content=\"https:\/\/czech-us.cz\/wp-content\/uploads\/2025\/05\/Untitled-design-3.jpg\" \/>\n\t<meta property=\"og:image:width\" content=\"600\" \/>\n\t<meta property=\"og:image:height\" content=\"600\" \/>\n\t<meta property=\"og:image:type\" content=\"image\/jpeg\" \/>\n<script type=\"application\/ld+json\" class=\"yoast-schema-graph\">{\"@context\":\"https:\\\/\\\/schema.org\",\"@graph\":[{\"@type\":\"WebPage\",\"@id\":\"https:\\\/\\\/czech-us.cz\\\/en\\\/university-study-abroad\\\/\",\"url\":\"https:\\\/\\\/czech-us.cz\\\/en\\\/university-study-abroad\\\/\",\"name\":\"University study abroad - broaden your horizons - Czech-us\",\"isPartOf\":{\"@id\":\"https:\\\/\\\/czech-us.cz\\\/en\\\/#website\"},\"datePublished\":\"2019-07-27T13:54:27+00:00\",\"dateModified\":\"2025-06-17T15:00:02+00:00\",\"description\":\"Studying a bachelor's or master's degree in the Netherlands, Ireland, Denmark or the UK can change your life. We will help you land your dream university.\",\"breadcrumb\":{\"@id\":\"https:\\\/\\\/czech-us.cz\\\/en\\\/university-study-abroad\\\/#breadcrumb\"},\"inLanguage\":\"en-US\",\"potentialAction\":[{\"@type\":\"ReadAction\",\"target\":[\"https:\\\/\\\/czech-us.cz\\\/en\\\/university-study-abroad\\\/\"]}]},{\"@type\":\"BreadcrumbList\",\"@id\":\"https:\\\/\\\/czech-us.cz\\\/en\\\/university-study-abroad\\\/#breadcrumb\",\"itemListElement\":[{\"@type\":\"ListItem\",\"position\":1,\"name\":\"Home\",\"item\":\"https:\\\/\\\/czech-us.cz\\\/en\\\/\"},{\"@type\":\"ListItem\",\"position\":2,\"name\":\"University Study Abroad\"}]},{\"@type\":\"WebSite\",\"@id\":\"https:\\\/\\\/czech-us.cz\\\/en\\\/#website\",\"url\":\"https:\\\/\\\/czech-us.cz\\\/en\\\/\",\"name\":\"Czech-us\",\"description\":\"Czech-us - studium, pr\u00e1ce a jazykov\u00e9 kurzy v zahrani\u010d\u00ed\",\"publisher\":{\"@id\":\"https:\\\/\\\/czech-us.cz\\\/en\\\/#organization\"},\"potentialAction\":[{\"@type\":\"SearchAction\",\"target\":{\"@type\":\"EntryPoint\",\"urlTemplate\":\"https:\\\/\\\/czech-us.cz\\\/en\\\/?s={search_term_string}\"},\"query-input\":{\"@type\":\"PropertyValueSpecification\",\"valueRequired\":true,\"valueName\":\"search_term_string\"}}],\"inLanguage\":\"en-US\"},{\"@type\":\"Organization\",\"@id\":\"https:\\\/\\\/czech-us.cz\\\/en\\\/#organization\",\"name\":\"Agentura Czech-us.cz\",\"url\":\"https:\\\/\\\/czech-us.cz\\\/en\\\/\",\"logo\":{\"@type\":\"ImageObject\",\"inLanguage\":\"en-US\",\"@id\":\"https:\\\/\\\/czech-us.cz\\\/en\\\/#\\\/schema\\\/logo\\\/image\\\/\",\"url\":\"https:\\\/\\\/czech-us.cz\\\/wp-content\\\/uploads\\\/2018\\\/11\\\/czechus_logo.png\",\"contentUrl\":\"https:\\\/\\\/czech-us.cz\\\/wp-content\\\/uploads\\\/2018\\\/11\\\/czechus_logo.png\",\"width\":769,\"height\":353,\"caption\":\"Agentura Czech-us.cz\"},\"image\":{\"@id\":\"https:\\\/\\\/czech-us.cz\\\/en\\\/#\\\/schema\\\/logo\\\/image\\\/\"},\"sameAs\":[\"https:\\\/\\\/www.facebook.com\\\/czechusagency\\\/\",\"https:\\\/\\\/x.com\\\/czech_us\",\"https:\\\/\\\/www.instagram.com\\\/czech_us\\\/\",\"https:\\\/\\\/www.linkedin.com\\\/company\\\/czech-us-studium-v-zahrani\u010d\u00ed\\\/\",\"https:\\\/\\\/www.youtube.com\\\/user\\\/czechusagency\"]}]}<\/script>\n<!-- \/ Yoast SEO plugin. -->","yoast_head_json":{"title":"University study abroad - broaden your horizons - Czech-us","description":"Studying a bachelor's or master's degree in the Netherlands, Ireland, Denmark or the UK can change your life. We will help you land your dream university.","robots":{"index":"index","follow":"follow","max-snippet":"max-snippet:-1","max-image-preview":"max-image-preview:large","max-video-preview":"max-video-preview:-1"},"canonical":"https:\/\/czech-us.cz\/en\/university-study-abroad\/","og_locale":"en_US","og_type":"article","og_title":"University study abroad - broaden your horizons - Czech-us","og_description":"Studying a bachelor's or master's degree in the Netherlands, Ireland, Denmark or the UK can change your life. We will help you land your dream university.","og_url":"https:\/\/czech-us.cz\/en\/university-study-abroad\/","og_site_name":"Czech-us","article_publisher":"https:\/\/www.facebook.com\/czechusagency\/","article_modified_time":"2025-06-17T15:00:02+00:00","og_image":[{"width":600,"height":600,"url":"https:\/\/czech-us.cz\/wp-content\/uploads\/2025\/05\/Untitled-design-3.jpg","type":"image\/jpeg"}],"schema":{"@context":"https:\/\/schema.org","@graph":[{"@type":"WebPage","@id":"https:\/\/czech-us.cz\/en\/university-study-abroad\/","url":"https:\/\/czech-us.cz\/en\/university-study-abroad\/","name":"University study abroad - broaden your horizons - Czech-us","isPartOf":{"@id":"https:\/\/czech-us.cz\/en\/#website"},"datePublished":"2019-07-27T13:54:27+00:00","dateModified":"2025-06-17T15:00:02+00:00","description":"Studying a bachelor's or master's degree in the Netherlands, Ireland, Denmark or the UK can change your life. We will help you land your dream university.","breadcrumb":{"@id":"https:\/\/czech-us.cz\/en\/university-study-abroad\/#breadcrumb"},"inLanguage":"en-US","potentialAction":[{"@type":"ReadAction","target":["https:\/\/czech-us.cz\/en\/university-study-abroad\/"]}]},{"@type":"BreadcrumbList","@id":"https:\/\/czech-us.cz\/en\/university-study-abroad\/#breadcrumb","itemListElement":[{"@type":"ListItem","position":1,"name":"Home","item":"https:\/\/czech-us.cz\/en\/"},{"@type":"ListItem","position":2,"name":"University Study Abroad"}]},{"@type":"WebSite","@id":"https:\/\/czech-us.cz\/en\/#website","url":"https:\/\/czech-us.cz\/en\/","name":"Czech-us","description":"Czech-us - studium, pr\u00e1ce a jazykov\u00e9 kurzy v zahrani\u010d\u00ed","publisher":{"@id":"https:\/\/czech-us.cz\/en\/#organization"},"potentialAction":[{"@type":"SearchAction","target":{"@type":"EntryPoint","urlTemplate":"https:\/\/czech-us.cz\/en\/?s={search_term_string}"},"query-input":{"@type":"PropertyValueSpecification","valueRequired":true,"valueName":"search_term_string"}}],"inLanguage":"en-US"},{"@type":"Organization","@id":"https:\/\/czech-us.cz\/en\/#organization","name":"Agentura Czech-us.cz","url":"https:\/\/czech-us.cz\/en\/","logo":{"@type":"ImageObject","inLanguage":"en-US","@id":"https:\/\/czech-us.cz\/en\/#\/schema\/logo\/image\/","url":"https:\/\/czech-us.cz\/wp-content\/uploads\/2018\/11\/czechus_logo.png","contentUrl":"https:\/\/czech-us.cz\/wp-content\/uploads\/2018\/11\/czechus_logo.png","width":769,"height":353,"caption":"Agentura Czech-us.cz"},"image":{"@id":"https:\/\/czech-us.cz\/en\/#\/schema\/logo\/image\/"},"sameAs":["https:\/\/www.facebook.com\/czechusagency\/","https:\/\/x.com\/czech_us","https:\/\/www.instagram.com\/czech_us\/","https:\/\/www.linkedin.com\/company\/czech-us-studium-v-zahrani\u010d\u00ed\/","https:\/\/www.youtube.com\/user\/czechusagency"]}]}},"_links":{"self":[{"href":"https:\/\/czech-us.cz\/en\/wp-json\/wp\/v2\/pages\/33843","targetHints":{"allow":["GET"]}}],"collection":[{"href":"https:\/\/czech-us.cz\/en\/wp-json\/wp\/v2\/pages"}],"about":[{"href":"https:\/\/czech-us.cz\/en\/wp-json\/wp\/v2\/types\/page"}],"author":[{"embeddable":true,"href":"https:\/\/czech-us.cz\/en\/wp-json\/wp\/v2\/users\/8"}],"replies":[{"embeddable":true,"href":"https:\/\/czech-us.cz\/en\/wp-json\/wp\/v2\/comments?post=33843"}],"version-history":[{"count":3,"href":"https:\/\/czech-us.cz\/en\/wp-json\/wp\/v2\/pages\/33843\/revisions"}],"predecessor-version":[{"id":53191,"href":"https:\/\/czech-us.cz\/en\/wp-json\/wp\/v2\/pages\/33843\/revisions\/53191"}],"wp:attachment":[{"href":"https:\/\/czech-us.cz\/en\/wp-json\/wp\/v2\/media?parent=33843"}],"curies":[{"name":"wp","href":"https:\/\/api.w.org\/{rel}","templated":true}]}}