{"id":33613,"date":"2019-07-19T23:28:26","date_gmt":"2019-07-19T21:28:26","guid":{"rendered":"https:\/\/czech-us.cz\/?page_id=33613"},"modified":"2025-06-05T09:38:54","modified_gmt":"2025-06-05T07:38:54","slug":"insurance","status":"publish","type":"page","link":"https:\/\/czech-us.cz\/en\/insurance\/","title":{"rendered":"Insurance"},"content":{"rendered":"","protected":false},"excerpt":{"rendered":"","protected":false},"author":8,"featured_media":0,"parent":0,"menu_order":0,"comment_status":"open","ping_status":"open","template":"page-template\/page-product.php","meta":{"_acf_changed":false,"inline_featured_image":false,"footnotes":""},"class_list":["post-33613","page","type-page","status-publish","hentry"],"acf":[],"yoast_head":"<!-- This site is optimized with the Yoast SEO plugin v27.5 - https:\/\/yoast.com\/product\/yoast-seo-wordpress\/ -->\n<title>Foreign travel, health and accident insurance - Czech-us<\/title>\n<meta name=\"description\" content=\"Are you planning a work or study stay abroad? Whether you&#039;re travelling to the USA, Australia, Canada or Europe - get your dream trip insured.\" \/>\n<meta name=\"robots\" content=\"index, follow, max-snippet:-1, max-image-preview:large, max-video-preview:-1\" \/>\n<link rel=\"canonical\" href=\"https:\/\/czech-us.cz\/en\/insurance\/\" \/>\n<meta property=\"og:locale\" content=\"en_US\" \/>\n<meta property=\"og:type\" content=\"article\" \/>\n<meta property=\"og:title\" content=\"Foreign travel, health and accident insurance - Czech-us\" \/>\n<meta property=\"og:description\" content=\"Are you planning a work or study stay abroad? Whether you&#039;re travelling to the USA, Australia, Canada or Europe - get your dream trip insured.\" \/>\n<meta property=\"og:url\" content=\"https:\/\/czech-us.cz\/en\/insurance\/\" \/>\n<meta property=\"og:site_name\" content=\"Czech-us\" \/>\n<meta property=\"article:publisher\" content=\"https:\/\/www.facebook.com\/czechusagency\/\" \/>\n<meta property=\"article:modified_time\" content=\"2025-06-05T07:38:54+00:00\" \/>\n<meta property=\"og:image\" content=\"https:\/\/czech-us.cz\/wp-content\/uploads\/2012\/01\/pojisteni.jpg\" \/>\n<script type=\"application\/ld+json\" class=\"yoast-schema-graph\">{\"@context\":\"https:\\\/\\\/schema.org\",\"@graph\":[{\"@type\":\"WebPage\",\"@id\":\"https:\\\/\\\/czech-us.cz\\\/en\\\/insurance\\\/\",\"url\":\"https:\\\/\\\/czech-us.cz\\\/en\\\/insurance\\\/\",\"name\":\"Foreign travel, health and accident insurance - Czech-us\",\"isPartOf\":{\"@id\":\"https:\\\/\\\/czech-us.cz\\\/en\\\/#website\"},\"datePublished\":\"2019-07-19T21:28:26+00:00\",\"dateModified\":\"2025-06-05T07:38:54+00:00\",\"description\":\"Are you planning a work or study stay abroad? Whether you're travelling to the USA, Australia, Canada or Europe - get your dream trip insured.\",\"breadcrumb\":{\"@id\":\"https:\\\/\\\/czech-us.cz\\\/en\\\/insurance\\\/#breadcrumb\"},\"inLanguage\":\"en-US\",\"potentialAction\":[{\"@type\":\"ReadAction\",\"target\":[\"https:\\\/\\\/czech-us.cz\\\/en\\\/insurance\\\/\"]}]},{\"@type\":\"BreadcrumbList\",\"@id\":\"https:\\\/\\\/czech-us.cz\\\/en\\\/insurance\\\/#breadcrumb\",\"itemListElement\":[{\"@type\":\"ListItem\",\"position\":1,\"name\":\"Home\",\"item\":\"https:\\\/\\\/czech-us.cz\\\/en\\\/\"},{\"@type\":\"ListItem\",\"position\":2,\"name\":\"Insurance\"}]},{\"@type\":\"WebSite\",\"@id\":\"https:\\\/\\\/czech-us.cz\\\/en\\\/#website\",\"url\":\"https:\\\/\\\/czech-us.cz\\\/en\\\/\",\"name\":\"Czech-us\",\"description\":\"Czech-us - studium, pr\u00e1ce a jazykov\u00e9 kurzy v zahrani\u010d\u00ed\",\"publisher\":{\"@id\":\"https:\\\/\\\/czech-us.cz\\\/en\\\/#organization\"},\"potentialAction\":[{\"@type\":\"SearchAction\",\"target\":{\"@type\":\"EntryPoint\",\"urlTemplate\":\"https:\\\/\\\/czech-us.cz\\\/en\\\/?s={search_term_string}\"},\"query-input\":{\"@type\":\"PropertyValueSpecification\",\"valueRequired\":true,\"valueName\":\"search_term_string\"}}],\"inLanguage\":\"en-US\"},{\"@type\":\"Organization\",\"@id\":\"https:\\\/\\\/czech-us.cz\\\/en\\\/#organization\",\"name\":\"Agentura Czech-us.cz\",\"url\":\"https:\\\/\\\/czech-us.cz\\\/en\\\/\",\"logo\":{\"@type\":\"ImageObject\",\"inLanguage\":\"en-US\",\"@id\":\"https:\\\/\\\/czech-us.cz\\\/en\\\/#\\\/schema\\\/logo\\\/image\\\/\",\"url\":\"https:\\\/\\\/czech-us.cz\\\/wp-content\\\/uploads\\\/2018\\\/11\\\/czechus_logo.png\",\"contentUrl\":\"https:\\\/\\\/czech-us.cz\\\/wp-content\\\/uploads\\\/2018\\\/11\\\/czechus_logo.png\",\"width\":769,\"height\":353,\"caption\":\"Agentura Czech-us.cz\"},\"image\":{\"@id\":\"https:\\\/\\\/czech-us.cz\\\/en\\\/#\\\/schema\\\/logo\\\/image\\\/\"},\"sameAs\":[\"https:\\\/\\\/www.facebook.com\\\/czechusagency\\\/\",\"https:\\\/\\\/x.com\\\/czech_us\",\"https:\\\/\\\/www.instagram.com\\\/czech_us\\\/\",\"https:\\\/\\\/www.linkedin.com\\\/company\\\/czech-us-studium-v-zahrani\u010d\u00ed\\\/\",\"https:\\\/\\\/www.youtube.com\\\/user\\\/czechusagency\"]}]}<\/script>\n<!-- \/ Yoast SEO plugin. -->","yoast_head_json":{"title":"Foreign travel, health and accident insurance - Czech-us","description":"Are you planning a work or study stay abroad? Whether you're travelling to the USA, Australia, Canada or Europe - get your dream trip insured.","robots":{"index":"index","follow":"follow","max-snippet":"max-snippet:-1","max-image-preview":"max-image-preview:large","max-video-preview":"max-video-preview:-1"},"canonical":"https:\/\/czech-us.cz\/en\/insurance\/","og_locale":"en_US","og_type":"article","og_title":"Foreign travel, health and accident insurance - Czech-us","og_description":"Are you planning a work or study stay abroad? Whether you're travelling to the USA, Australia, Canada or Europe - get your dream trip insured.","og_url":"https:\/\/czech-us.cz\/en\/insurance\/","og_site_name":"Czech-us","article_publisher":"https:\/\/www.facebook.com\/czechusagency\/","article_modified_time":"2025-06-05T07:38:54+00:00","og_image":[{"url":"https:\/\/czech-us.cz\/wp-content\/uploads\/2012\/01\/pojisteni.jpg","type":"","width":"","height":""}],"schema":{"@context":"https:\/\/schema.org","@graph":[{"@type":"WebPage","@id":"https:\/\/czech-us.cz\/en\/insurance\/","url":"https:\/\/czech-us.cz\/en\/insurance\/","name":"Foreign travel, health and accident insurance - Czech-us","isPartOf":{"@id":"https:\/\/czech-us.cz\/en\/#website"},"datePublished":"2019-07-19T21:28:26+00:00","dateModified":"2025-06-05T07:38:54+00:00","description":"Are you planning a work or study stay abroad? Whether you're travelling to the USA, Australia, Canada or Europe - get your dream trip insured.","breadcrumb":{"@id":"https:\/\/czech-us.cz\/en\/insurance\/#breadcrumb"},"inLanguage":"en-US","potentialAction":[{"@type":"ReadAction","target":["https:\/\/czech-us.cz\/en\/insurance\/"]}]},{"@type":"BreadcrumbList","@id":"https:\/\/czech-us.cz\/en\/insurance\/#breadcrumb","itemListElement":[{"@type":"ListItem","position":1,"name":"Home","item":"https:\/\/czech-us.cz\/en\/"},{"@type":"ListItem","position":2,"name":"Insurance"}]},{"@type":"WebSite","@id":"https:\/\/czech-us.cz\/en\/#website","url":"https:\/\/czech-us.cz\/en\/","name":"Czech-us","description":"Czech-us - studium, pr\u00e1ce a jazykov\u00e9 kurzy v zahrani\u010d\u00ed","publisher":{"@id":"https:\/\/czech-us.cz\/en\/#organization"},"potentialAction":[{"@type":"SearchAction","target":{"@type":"EntryPoint","urlTemplate":"https:\/\/czech-us.cz\/en\/?s={search_term_string}"},"query-input":{"@type":"PropertyValueSpecification","valueRequired":true,"valueName":"search_term_string"}}],"inLanguage":"en-US"},{"@type":"Organization","@id":"https:\/\/czech-us.cz\/en\/#organization","name":"Agentura Czech-us.cz","url":"https:\/\/czech-us.cz\/en\/","logo":{"@type":"ImageObject","inLanguage":"en-US","@id":"https:\/\/czech-us.cz\/en\/#\/schema\/logo\/image\/","url":"https:\/\/czech-us.cz\/wp-content\/uploads\/2018\/11\/czechus_logo.png","contentUrl":"https:\/\/czech-us.cz\/wp-content\/uploads\/2018\/11\/czechus_logo.png","width":769,"height":353,"caption":"Agentura Czech-us.cz"},"image":{"@id":"https:\/\/czech-us.cz\/en\/#\/schema\/logo\/image\/"},"sameAs":["https:\/\/www.facebook.com\/czechusagency\/","https:\/\/x.com\/czech_us","https:\/\/www.instagram.com\/czech_us\/","https:\/\/www.linkedin.com\/company\/czech-us-studium-v-zahrani\u010d\u00ed\/","https:\/\/www.youtube.com\/user\/czechusagency"]}]}},"_links":{"self":[{"href":"https:\/\/czech-us.cz\/en\/wp-json\/wp\/v2\/pages\/33613","targetHints":{"allow":["GET"]}}],"collection":[{"href":"https:\/\/czech-us.cz\/en\/wp-json\/wp\/v2\/pages"}],"about":[{"href":"https:\/\/czech-us.cz\/en\/wp-json\/wp\/v2\/types\/page"}],"author":[{"embeddable":true,"href":"https:\/\/czech-us.cz\/en\/wp-json\/wp\/v2\/users\/8"}],"replies":[{"embeddable":true,"href":"https:\/\/czech-us.cz\/en\/wp-json\/wp\/v2\/comments?post=33613"}],"version-history":[{"count":1,"href":"https:\/\/czech-us.cz\/en\/wp-json\/wp\/v2\/pages\/33613\/revisions"}],"predecessor-version":[{"id":52980,"href":"https:\/\/czech-us.cz\/en\/wp-json\/wp\/v2\/pages\/33613\/revisions\/52980"}],"wp:attachment":[{"href":"https:\/\/czech-us.cz\/en\/wp-json\/wp\/v2\/media?parent=33613"}],"curies":[{"name":"wp","href":"https:\/\/api.w.org\/{rel}","templated":true}]}}